{"id":120,"date":"2020-01-02T04:49:26","date_gmt":"2020-01-02T02:49:26","guid":{"rendered":"http:\/\/www.bellaseven.com\/blog\/mein-konto\/"},"modified":"2020-01-02T04:49:26","modified_gmt":"2020-01-02T02:49:26","slug":"mein-konto","status":"publish","type":"page","link":"https:\/\/www.bellaseven.com\/blog\/mein-konto\/","title":{"rendered":"Mein Konto"},"content":{"rendered":"<div class=\"woocommerce\"><\/div>\n","protected":false},"excerpt":{"rendered":"","protected":false},"author":1,"featured_media":0,"parent":0,"menu_order":0,"comment_status":"closed","ping_status":"closed","template":"","meta":{"jetpack_post_was_ever_published":false,"footnotes":""},"yoast_head":"<!-- This site is optimized with the Yoast SEO plugin v21.3 - https:\/\/yoast.com\/wordpress\/plugins\/seo\/ -->\n<title>Mein Konto - BellaSeven\u00ae Blog<\/title>\n<meta name=\"robots\" content=\"index, follow, max-snippet:-1, max-image-preview:large, max-video-preview:-1\" \/>\n<link rel=\"canonical\" href=\"https:\/\/www.bellaseven.com\/blog\/mein-konto\/\" \/>\n<meta property=\"og:locale\" content=\"de_DE\" \/>\n<meta property=\"og:type\" content=\"article\" \/>\n<meta property=\"og:title\" content=\"Mein Konto - BellaSeven\u00ae Blog\" \/>\n<meta property=\"og:url\" content=\"https:\/\/www.bellaseven.com\/blog\/mein-konto\/\" \/>\n<meta property=\"og:site_name\" content=\"BellaSeven\u00ae Blog\" \/>\n<meta name=\"twitter:card\" content=\"summary_large_image\" \/>\n<script type=\"application\/ld+json\" class=\"yoast-schema-graph\">{\"@context\":\"https:\/\/schema.org\",\"@graph\":[{\"@type\":\"WebPage\",\"@id\":\"https:\/\/www.bellaseven.com\/blog\/mein-konto\/\",\"url\":\"https:\/\/www.bellaseven.com\/blog\/mein-konto\/\",\"name\":\"Mein Konto - BellaSeven\u00ae Blog\",\"isPartOf\":{\"@id\":\"http:\/\/www.bellaseven.com\/blog\/#website\"},\"datePublished\":\"2020-01-02T02:49:26+00:00\",\"dateModified\":\"2020-01-02T02:49:26+00:00\",\"breadcrumb\":{\"@id\":\"https:\/\/www.bellaseven.com\/blog\/mein-konto\/#breadcrumb\"},\"inLanguage\":\"de\",\"potentialAction\":[{\"@type\":\"ReadAction\",\"target\":[\"https:\/\/www.bellaseven.com\/blog\/mein-konto\/\"]}]},{\"@type\":\"BreadcrumbList\",\"@id\":\"https:\/\/www.bellaseven.com\/blog\/mein-konto\/#breadcrumb\",\"itemListElement\":[{\"@type\":\"ListItem\",\"position\":1,\"name\":\"Startseite\",\"item\":\"http:\/\/www.bellaseven.com\/blog\/\"},{\"@type\":\"ListItem\",\"position\":2,\"name\":\"Mein Konto\"}]},{\"@type\":\"WebSite\",\"@id\":\"http:\/\/www.bellaseven.com\/blog\/#website\",\"url\":\"http:\/\/www.bellaseven.com\/blog\/\",\"name\":\"BellaSeven\u00ae Blog\",\"description\":\"The most colorful site in the WordPress net!\",\"potentialAction\":[{\"@type\":\"SearchAction\",\"target\":{\"@type\":\"EntryPoint\",\"urlTemplate\":\"http:\/\/www.bellaseven.com\/blog\/?s={search_term_string}\"},\"query-input\":\"required name=search_term_string\"}],\"inLanguage\":\"de\"}]}<\/script>\n<!-- \/ Yoast SEO plugin. -->","yoast_head_json":{"title":"Mein Konto - BellaSeven\u00ae Blog","robots":{"index":"index","follow":"follow","max-snippet":"max-snippet:-1","max-image-preview":"max-image-preview:large","max-video-preview":"max-video-preview:-1"},"canonical":"https:\/\/www.bellaseven.com\/blog\/mein-konto\/","og_locale":"de_DE","og_type":"article","og_title":"Mein Konto - BellaSeven\u00ae Blog","og_url":"https:\/\/www.bellaseven.com\/blog\/mein-konto\/","og_site_name":"BellaSeven\u00ae Blog","twitter_card":"summary_large_image","schema":{"@context":"https:\/\/schema.org","@graph":[{"@type":"WebPage","@id":"https:\/\/www.bellaseven.com\/blog\/mein-konto\/","url":"https:\/\/www.bellaseven.com\/blog\/mein-konto\/","name":"Mein Konto - BellaSeven\u00ae Blog","isPartOf":{"@id":"http:\/\/www.bellaseven.com\/blog\/#website"},"datePublished":"2020-01-02T02:49:26+00:00","dateModified":"2020-01-02T02:49:26+00:00","breadcrumb":{"@id":"https:\/\/www.bellaseven.com\/blog\/mein-konto\/#breadcrumb"},"inLanguage":"de","potentialAction":[{"@type":"ReadAction","target":["https:\/\/www.bellaseven.com\/blog\/mein-konto\/"]}]},{"@type":"BreadcrumbList","@id":"https:\/\/www.bellaseven.com\/blog\/mein-konto\/#breadcrumb","itemListElement":[{"@type":"ListItem","position":1,"name":"Startseite","item":"http:\/\/www.bellaseven.com\/blog\/"},{"@type":"ListItem","position":2,"name":"Mein Konto"}]},{"@type":"WebSite","@id":"http:\/\/www.bellaseven.com\/blog\/#website","url":"http:\/\/www.bellaseven.com\/blog\/","name":"BellaSeven\u00ae Blog","description":"The most colorful site in the WordPress net!","potentialAction":[{"@type":"SearchAction","target":{"@type":"EntryPoint","urlTemplate":"http:\/\/www.bellaseven.com\/blog\/?s={search_term_string}"},"query-input":"required name=search_term_string"}],"inLanguage":"de"}]}},"jetpack_sharing_enabled":true,"jetpack_shortlink":"https:\/\/wp.me\/P3NS7y-1W","jetpack-related-posts":[{"id":62,"url":"https:\/\/www.bellaseven.com\/blog\/datenschutzerklaerung\/","url_meta":{"origin":120,"position":0},"title":"Datenschutzerkl\u00e4rung","author":"BellaSeven","date":"25. Mai 2018","format":false,"excerpt":"Wer wir sind Die Adresse unserer Website ist: http:\/\/www.bellaseven.com\/blog. Welche personenbezogenen Daten wir sammeln und warum wir sie sammeln Kommentare Wenn Besucher Kommentare auf der Website schreiben, sammeln wir die Daten, die im Kommentar-Formular angezeigt werden, au\u00dferdem die IP-Adresse des Besuchers und den User-Agent-String (damit wird der Browser identifiziert), um\u2026","rel":"","context":"\u00c4hnlicher Beitrag","block_context":{"text":"\u00c4hnlicher Beitrag","link":""},"img":{"alt_text":"","src":"","width":0,"height":0},"classes":[]},{"id":69,"url":"https:\/\/www.bellaseven.com\/blog\/datenschutzerklaerung\/datenschutzerklaerung\/","url_meta":{"origin":120,"position":1},"title":"Datenschutzerkl\u00e4rung","author":"BellaSeven","date":"24. Juni 2018","format":false,"excerpt":"Datenschutzerkl\u00e4rung Diese Datenschutzerkl\u00e4rung kl\u00e4rt Sie \u00fcber die Art, den Umfang und Zweck der Verarbeitung von personenbezogenen Daten (nachfolgend kurz \u201eDaten\u201c) innerhalb unseres Onlineangebotes und der mit ihm verbundenen Webseiten, Funktionen und Inhalte sowie externen Onlinepr\u00e4senzen, wie z.B. unser Social Media Profile auf (nachfolgend gemeinsam bezeichnet als \u201eOnlineangebot\u201c). Im Hinblick auf\u2026","rel":"","context":"\u00c4hnlicher Beitrag","block_context":{"text":"\u00c4hnlicher Beitrag","link":""},"img":{"alt_text":"","src":"","width":0,"height":0},"classes":[]}],"jetpack_likes_enabled":true,"_links":{"self":[{"href":"https:\/\/www.bellaseven.com\/blog\/wp-json\/wp\/v2\/pages\/120"}],"collection":[{"href":"https:\/\/www.bellaseven.com\/blog\/wp-json\/wp\/v2\/pages"}],"about":[{"href":"https:\/\/www.bellaseven.com\/blog\/wp-json\/wp\/v2\/types\/page"}],"author":[{"embeddable":true,"href":"https:\/\/www.bellaseven.com\/blog\/wp-json\/wp\/v2\/users\/1"}],"replies":[{"embeddable":true,"href":"https:\/\/www.bellaseven.com\/blog\/wp-json\/wp\/v2\/comments?post=120"}],"version-history":[{"count":0,"href":"https:\/\/www.bellaseven.com\/blog\/wp-json\/wp\/v2\/pages\/120\/revisions"}],"wp:attachment":[{"href":"https:\/\/www.bellaseven.com\/blog\/wp-json\/wp\/v2\/media?parent=120"}],"curies":[{"name":"wp","href":"https:\/\/api.w.org\/{rel}","templated":true}]}}